{"id":10333,"date":"2022-02-10T15:49:21","date_gmt":"2022-02-10T13:49:21","guid":{"rendered":"https:\/\/sensoneo.com\/waste-management-take-back\/"},"modified":"2023-07-31T10:51:53","modified_gmt":"2023-07-31T08:51:53","slug":"abfallmanagementlosung-rucknahmevertreiber","status":"publish","type":"page","link":"https:\/\/old.sensoneo.com\/de\/abfallmanagementlosung-rucknahmevertreiber\/","title":{"rendered":"Abfallmanagementl\u00f6sung f\u00fcr Vertreiber von R\u00fccknahmesystem"},"content":{"rendered":"","protected":false},"excerpt":{"rendered":"","protected":false},"author":23,"featured_media":10335,"parent":0,"menu_order":0,"comment_status":"closed","ping_status":"closed","template":"template-pages\/page-hero.php","meta":{"_acf_changed":false,"footnotes":""},"class_list":["post-10333","page","type-page","status-publish","has-post-thumbnail","hentry"],"acf":[],"yoast_head":"<!-- This site is optimized with the Yoast SEO plugin v25.9 - https:\/\/yoast.com\/wordpress\/plugins\/seo\/ -->\n<title>Abfallmanagementl\u00f6sung f\u00fcr R\u00fccknahmevertreiber I SENSONEO<\/title>\n<meta name=\"description\" content=\"Unsere Abfalll\u00f6sung minimiert Verwaltungsaufwand und f\u00f6rdert die Transparenz des Post-Consumer-R\u00fccknahme- und Recyclingprozesses.\" \/>\n<meta name=\"robots\" content=\"noindex, follow, max-snippet:-1, max-image-preview:large, max-video-preview:-1\" \/>\n<meta property=\"og:locale\" content=\"de_DE\" \/>\n<meta property=\"og:type\" content=\"article\" \/>\n<meta property=\"og:title\" content=\"Abfallmanagementl\u00f6sung f\u00fcr R\u00fccknahmevertreiber I SENSONEO\" \/>\n<meta property=\"og:description\" content=\"Unsere Abfalll\u00f6sung minimiert Verwaltungsaufwand und f\u00f6rdert die Transparenz des Post-Consumer-R\u00fccknahme- und Recyclingprozesses.\" \/>\n<meta property=\"og:url\" content=\"https:\/\/sensoneo.com\/de\/abfallmanagementlosung-rucknahmevertreiber\/\" \/>\n<meta property=\"og:site_name\" content=\"Sensoneo\" \/>\n<meta property=\"article:publisher\" content=\"https:\/\/www.facebook.com\/sensoneo\/\" \/>\n<meta property=\"article:modified_time\" content=\"2023-07-31T08:51:53+00:00\" \/>\n<meta property=\"og:image\" content=\"https:\/\/sensoneo.com\/wp-content\/uploads\/2022\/10\/Efficient-management-of-post-consumer-recycling.png\" \/>\n\t<meta property=\"og:image:width\" content=\"2164\" \/>\n\t<meta property=\"og:image:height\" content=\"1264\" \/>\n\t<meta property=\"og:image:type\" content=\"image\/png\" \/>\n<meta name=\"twitter:card\" content=\"summary_large_image\" \/>\n<meta name=\"twitter:site\" content=\"@_Sensoneo_\" \/>\n<script type=\"application\/ld+json\" class=\"yoast-schema-graph\">{\"@context\":\"https:\/\/schema.org\",\"@graph\":[{\"@type\":\"WebPage\",\"@id\":\"https:\/\/sensoneo.com\/de\/abfallmanagementlosung-rucknahmevertreiber\/\",\"url\":\"https:\/\/sensoneo.com\/de\/abfallmanagementlosung-rucknahmevertreiber\/\",\"name\":\"Abfallmanagementl\u00f6sung f\u00fcr R\u00fccknahmevertreiber I SENSONEO\",\"isPartOf\":{\"@id\":\"https:\/\/old.sensoneo.com\/#website\"},\"primaryImageOfPage\":{\"@id\":\"https:\/\/sensoneo.com\/de\/abfallmanagementlosung-rucknahmevertreiber\/#primaryimage\"},\"image\":{\"@id\":\"https:\/\/sensoneo.com\/de\/abfallmanagementlosung-rucknahmevertreiber\/#primaryimage\"},\"thumbnailUrl\":\"https:\/\/old.sensoneo.com\/wp-content\/uploads\/2022\/10\/Efficient-management-of-post-consumer-recycling.png\",\"datePublished\":\"2022-02-10T13:49:21+00:00\",\"dateModified\":\"2023-07-31T08:51:53+00:00\",\"description\":\"Unsere Abfalll\u00f6sung minimiert Verwaltungsaufwand und f\u00f6rdert die Transparenz des Post-Consumer-R\u00fccknahme- und Recyclingprozesses.\",\"breadcrumb\":{\"@id\":\"https:\/\/sensoneo.com\/de\/abfallmanagementlosung-rucknahmevertreiber\/#breadcrumb\"},\"inLanguage\":\"de\",\"potentialAction\":[{\"@type\":\"ReadAction\",\"target\":[\"https:\/\/sensoneo.com\/de\/abfallmanagementlosung-rucknahmevertreiber\/\"]}]},{\"@type\":\"ImageObject\",\"inLanguage\":\"de\",\"@id\":\"https:\/\/sensoneo.com\/de\/abfallmanagementlosung-rucknahmevertreiber\/#primaryimage\",\"url\":\"https:\/\/old.sensoneo.com\/wp-content\/uploads\/2022\/10\/Efficient-management-of-post-consumer-recycling.png\",\"contentUrl\":\"https:\/\/old.sensoneo.com\/wp-content\/uploads\/2022\/10\/Efficient-management-of-post-consumer-recycling.png\",\"width\":2164,\"height\":1264,\"caption\":\"Abfallmanagementl\u00f6sung f\u00fcr R\u00fccknahmesystem Vertreiber\"},{\"@type\":\"BreadcrumbList\",\"@id\":\"https:\/\/sensoneo.com\/de\/abfallmanagementlosung-rucknahmevertreiber\/#breadcrumb\",\"itemListElement\":[{\"@type\":\"ListItem\",\"position\":1,\"name\":\"Home\",\"item\":\"https:\/\/sensoneo.com\/de\/\"},{\"@type\":\"ListItem\",\"position\":2,\"name\":\"Abfallmanagementl\u00f6sung f\u00fcr Vertreiber von R\u00fccknahmesystem\"}]},{\"@type\":\"WebSite\",\"@id\":\"https:\/\/old.sensoneo.com\/#website\",\"url\":\"https:\/\/old.sensoneo.com\/\",\"name\":\"Sensoneo\",\"description\":\"Smart Waste Management Solution\",\"publisher\":{\"@id\":\"https:\/\/old.sensoneo.com\/#organization\"},\"potentialAction\":[{\"@type\":\"SearchAction\",\"target\":{\"@type\":\"EntryPoint\",\"urlTemplate\":\"https:\/\/old.sensoneo.com\/?s={search_term_string}\"},\"query-input\":{\"@type\":\"PropertyValueSpecification\",\"valueRequired\":true,\"valueName\":\"search_term_string\"}}],\"inLanguage\":\"de\"},{\"@type\":\"Organization\",\"@id\":\"https:\/\/old.sensoneo.com\/#organization\",\"name\":\"Sensoneo\",\"url\":\"https:\/\/old.sensoneo.com\/\",\"logo\":{\"@type\":\"ImageObject\",\"inLanguage\":\"de\",\"@id\":\"https:\/\/old.sensoneo.com\/#\/schema\/logo\/image\/\",\"url\":\"https:\/\/old.sensoneo.com\/wp-content\/uploads\/sensoneo\/primary@2x.png\",\"contentUrl\":\"https:\/\/old.sensoneo.com\/wp-content\/uploads\/sensoneo\/primary@2x.png\",\"width\":673,\"height\":221,\"caption\":\"Sensoneo\"},\"image\":{\"@id\":\"https:\/\/old.sensoneo.com\/#\/schema\/logo\/image\/\"},\"sameAs\":[\"https:\/\/www.facebook.com\/sensoneo\/\",\"https:\/\/x.com\/_Sensoneo_\",\"https:\/\/www.linkedin.com\/company\/18065466\/\",\"https:\/\/www.youtube.com\/channel\/UCB_FW-68RcBNVncjH1ahqMQ\"]}]}<\/script>\n<!-- \/ Yoast SEO plugin. -->","yoast_head_json":{"title":"Abfallmanagementl\u00f6sung f\u00fcr R\u00fccknahmevertreiber I SENSONEO","description":"Unsere Abfalll\u00f6sung minimiert Verwaltungsaufwand und f\u00f6rdert die Transparenz des Post-Consumer-R\u00fccknahme- und Recyclingprozesses.","robots":{"index":"noindex","follow":"follow","max-snippet":"max-snippet:-1","max-image-preview":"max-image-preview:large","max-video-preview":"max-video-preview:-1"},"og_locale":"de_DE","og_type":"article","og_title":"Abfallmanagementl\u00f6sung f\u00fcr R\u00fccknahmevertreiber I SENSONEO","og_description":"Unsere Abfalll\u00f6sung minimiert Verwaltungsaufwand und f\u00f6rdert die Transparenz des Post-Consumer-R\u00fccknahme- und Recyclingprozesses.","og_url":"https:\/\/sensoneo.com\/de\/abfallmanagementlosung-rucknahmevertreiber\/","og_site_name":"Sensoneo","article_publisher":"https:\/\/www.facebook.com\/sensoneo\/","article_modified_time":"2023-07-31T08:51:53+00:00","og_image":[{"width":2164,"height":1264,"url":"https:\/\/sensoneo.com\/wp-content\/uploads\/2022\/10\/Efficient-management-of-post-consumer-recycling.png","type":"image\/png"}],"twitter_card":"summary_large_image","twitter_site":"@_Sensoneo_","schema":{"@context":"https:\/\/schema.org","@graph":[{"@type":"WebPage","@id":"https:\/\/sensoneo.com\/de\/abfallmanagementlosung-rucknahmevertreiber\/","url":"https:\/\/sensoneo.com\/de\/abfallmanagementlosung-rucknahmevertreiber\/","name":"Abfallmanagementl\u00f6sung f\u00fcr R\u00fccknahmevertreiber I SENSONEO","isPartOf":{"@id":"https:\/\/old.sensoneo.com\/#website"},"primaryImageOfPage":{"@id":"https:\/\/sensoneo.com\/de\/abfallmanagementlosung-rucknahmevertreiber\/#primaryimage"},"image":{"@id":"https:\/\/sensoneo.com\/de\/abfallmanagementlosung-rucknahmevertreiber\/#primaryimage"},"thumbnailUrl":"https:\/\/old.sensoneo.com\/wp-content\/uploads\/2022\/10\/Efficient-management-of-post-consumer-recycling.png","datePublished":"2022-02-10T13:49:21+00:00","dateModified":"2023-07-31T08:51:53+00:00","description":"Unsere Abfalll\u00f6sung minimiert Verwaltungsaufwand und f\u00f6rdert die Transparenz des Post-Consumer-R\u00fccknahme- und Recyclingprozesses.","breadcrumb":{"@id":"https:\/\/sensoneo.com\/de\/abfallmanagementlosung-rucknahmevertreiber\/#breadcrumb"},"inLanguage":"de","potentialAction":[{"@type":"ReadAction","target":["https:\/\/sensoneo.com\/de\/abfallmanagementlosung-rucknahmevertreiber\/"]}]},{"@type":"ImageObject","inLanguage":"de","@id":"https:\/\/sensoneo.com\/de\/abfallmanagementlosung-rucknahmevertreiber\/#primaryimage","url":"https:\/\/old.sensoneo.com\/wp-content\/uploads\/2022\/10\/Efficient-management-of-post-consumer-recycling.png","contentUrl":"https:\/\/old.sensoneo.com\/wp-content\/uploads\/2022\/10\/Efficient-management-of-post-consumer-recycling.png","width":2164,"height":1264,"caption":"Abfallmanagementl\u00f6sung f\u00fcr R\u00fccknahmesystem Vertreiber"},{"@type":"BreadcrumbList","@id":"https:\/\/sensoneo.com\/de\/abfallmanagementlosung-rucknahmevertreiber\/#breadcrumb","itemListElement":[{"@type":"ListItem","position":1,"name":"Home","item":"https:\/\/sensoneo.com\/de\/"},{"@type":"ListItem","position":2,"name":"Abfallmanagementl\u00f6sung f\u00fcr Vertreiber von R\u00fccknahmesystem"}]},{"@type":"WebSite","@id":"https:\/\/old.sensoneo.com\/#website","url":"https:\/\/old.sensoneo.com\/","name":"Sensoneo","description":"Smart Waste Management Solution","publisher":{"@id":"https:\/\/old.sensoneo.com\/#organization"},"potentialAction":[{"@type":"SearchAction","target":{"@type":"EntryPoint","urlTemplate":"https:\/\/old.sensoneo.com\/?s={search_term_string}"},"query-input":{"@type":"PropertyValueSpecification","valueRequired":true,"valueName":"search_term_string"}}],"inLanguage":"de"},{"@type":"Organization","@id":"https:\/\/old.sensoneo.com\/#organization","name":"Sensoneo","url":"https:\/\/old.sensoneo.com\/","logo":{"@type":"ImageObject","inLanguage":"de","@id":"https:\/\/old.sensoneo.com\/#\/schema\/logo\/image\/","url":"https:\/\/old.sensoneo.com\/wp-content\/uploads\/sensoneo\/primary@2x.png","contentUrl":"https:\/\/old.sensoneo.com\/wp-content\/uploads\/sensoneo\/primary@2x.png","width":673,"height":221,"caption":"Sensoneo"},"image":{"@id":"https:\/\/old.sensoneo.com\/#\/schema\/logo\/image\/"},"sameAs":["https:\/\/www.facebook.com\/sensoneo\/","https:\/\/x.com\/_Sensoneo_","https:\/\/www.linkedin.com\/company\/18065466\/","https:\/\/www.youtube.com\/channel\/UCB_FW-68RcBNVncjH1ahqMQ"]}]}},"_links":{"self":[{"href":"https:\/\/old.sensoneo.com\/de\/wp-json\/wp\/v2\/pages\/10333","targetHints":{"allow":["GET"]}}],"collection":[{"href":"https:\/\/old.sensoneo.com\/de\/wp-json\/wp\/v2\/pages"}],"about":[{"href":"https:\/\/old.sensoneo.com\/de\/wp-json\/wp\/v2\/types\/page"}],"author":[{"embeddable":true,"href":"https:\/\/old.sensoneo.com\/de\/wp-json\/wp\/v2\/users\/23"}],"replies":[{"embeddable":true,"href":"https:\/\/old.sensoneo.com\/de\/wp-json\/wp\/v2\/comments?post=10333"}],"version-history":[{"count":7,"href":"https:\/\/old.sensoneo.com\/de\/wp-json\/wp\/v2\/pages\/10333\/revisions"}],"predecessor-version":[{"id":13281,"href":"https:\/\/old.sensoneo.com\/de\/wp-json\/wp\/v2\/pages\/10333\/revisions\/13281"}],"wp:featuredmedia":[{"embeddable":true,"href":"https:\/\/old.sensoneo.com\/de\/wp-json\/wp\/v2\/media\/10335"}],"wp:attachment":[{"href":"https:\/\/old.sensoneo.com\/de\/wp-json\/wp\/v2\/media?parent=10333"}],"curies":[{"name":"wp","href":"https:\/\/api.w.org\/{rel}","templated":true}]}}