{"id":10345,"date":"2022-02-10T15:48:08","date_gmt":"2022-02-10T13:48:08","guid":{"rendered":"https:\/\/sensoneo.com\/waste-management-epr-pro\/"},"modified":"2023-03-13T11:55:52","modified_gmt":"2023-03-13T09:55:52","slug":"abfallmanagement-herstellerverantwortung","status":"publish","type":"page","link":"https:\/\/old.sensoneo.com\/de\/abfallmanagement-herstellerverantwortung\/","title":{"rendered":"L\u00f6sung f\u00fcr die Organisationen der Herstellerverantwortung"},"content":{"rendered":"","protected":false},"excerpt":{"rendered":"","protected":false},"author":6,"featured_media":10346,"parent":0,"menu_order":0,"comment_status":"closed","ping_status":"closed","template":"template-pages\/page-hero.php","meta":{"_acf_changed":false,"footnotes":""},"class_list":["post-10345","page","type-page","status-publish","has-post-thumbnail","hentry"],"acf":[],"yoast_head":"<!-- This site is optimized with the Yoast SEO plugin v25.9 - https:\/\/yoast.com\/wordpress\/plugins\/seo\/ -->\n<title>Abfallmanagement f\u00fcr die Organisation der Herstellerverantwortung<\/title>\n<meta name=\"description\" content=\"Entdecken Sie eine umfassende L\u00f6sung f\u00fcr die integrierte Verwaltung von Organisationen mit Herstellerverantwortung.\" \/>\n<meta name=\"robots\" content=\"noindex, follow, max-snippet:-1, max-image-preview:large, max-video-preview:-1\" \/>\n<meta property=\"og:locale\" content=\"de_DE\" \/>\n<meta property=\"og:type\" content=\"article\" \/>\n<meta property=\"og:title\" content=\"Abfallmanagement f\u00fcr die Organisation der Herstellerverantwortung\" \/>\n<meta property=\"og:description\" content=\"Entdecken Sie eine umfassende L\u00f6sung f\u00fcr die integrierte Verwaltung von Organisationen mit Herstellerverantwortung.\" \/>\n<meta property=\"og:url\" content=\"https:\/\/sensoneo.com\/de\/abfallmanagement-herstellerverantwortung\/\" \/>\n<meta property=\"og:site_name\" content=\"Sensoneo\" \/>\n<meta property=\"article:publisher\" content=\"https:\/\/www.facebook.com\/sensoneo\/\" \/>\n<meta property=\"article:modified_time\" content=\"2023-03-13T09:55:52+00:00\" \/>\n<meta property=\"og:image\" content=\"https:\/\/sensoneo.com\/wp-content\/uploads\/2022\/10\/EPR-and-PRO-organizations-waste-management-1024x598.png\" \/>\n\t<meta property=\"og:image:width\" content=\"1024\" \/>\n\t<meta property=\"og:image:height\" content=\"598\" \/>\n\t<meta property=\"og:image:type\" content=\"image\/png\" \/>\n<meta name=\"twitter:card\" content=\"summary_large_image\" \/>\n<meta name=\"twitter:site\" content=\"@_Sensoneo_\" \/>\n<script type=\"application\/ld+json\" class=\"yoast-schema-graph\">{\"@context\":\"https:\/\/schema.org\",\"@graph\":[{\"@type\":\"WebPage\",\"@id\":\"https:\/\/sensoneo.com\/de\/abfallmanagement-herstellerverantwortung\/\",\"url\":\"https:\/\/sensoneo.com\/de\/abfallmanagement-herstellerverantwortung\/\",\"name\":\"Abfallmanagement f\u00fcr die Organisation der Herstellerverantwortung\",\"isPartOf\":{\"@id\":\"https:\/\/old.sensoneo.com\/#website\"},\"primaryImageOfPage\":{\"@id\":\"https:\/\/sensoneo.com\/de\/abfallmanagement-herstellerverantwortung\/#primaryimage\"},\"image\":{\"@id\":\"https:\/\/sensoneo.com\/de\/abfallmanagement-herstellerverantwortung\/#primaryimage\"},\"thumbnailUrl\":\"https:\/\/old.sensoneo.com\/wp-content\/uploads\/2022\/10\/EPR-and-PRO-organizations-waste-management.png\",\"datePublished\":\"2022-02-10T13:48:08+00:00\",\"dateModified\":\"2023-03-13T09:55:52+00:00\",\"description\":\"Entdecken Sie eine umfassende L\u00f6sung f\u00fcr die integrierte Verwaltung von Organisationen mit Herstellerverantwortung.\",\"breadcrumb\":{\"@id\":\"https:\/\/sensoneo.com\/de\/abfallmanagement-herstellerverantwortung\/#breadcrumb\"},\"inLanguage\":\"de\",\"potentialAction\":[{\"@type\":\"ReadAction\",\"target\":[\"https:\/\/sensoneo.com\/de\/abfallmanagement-herstellerverantwortung\/\"]}]},{\"@type\":\"ImageObject\",\"inLanguage\":\"de\",\"@id\":\"https:\/\/sensoneo.com\/de\/abfallmanagement-herstellerverantwortung\/#primaryimage\",\"url\":\"https:\/\/old.sensoneo.com\/wp-content\/uploads\/2022\/10\/EPR-and-PRO-organizations-waste-management.png\",\"contentUrl\":\"https:\/\/old.sensoneo.com\/wp-content\/uploads\/2022\/10\/EPR-and-PRO-organizations-waste-management.png\",\"width\":2164,\"height\":1264,\"caption\":\"Abfallmanagement f\u00fcr EPR & PRO herstellerverantwortung organisationen\"},{\"@type\":\"BreadcrumbList\",\"@id\":\"https:\/\/sensoneo.com\/de\/abfallmanagement-herstellerverantwortung\/#breadcrumb\",\"itemListElement\":[{\"@type\":\"ListItem\",\"position\":1,\"name\":\"Home\",\"item\":\"https:\/\/sensoneo.com\/de\/\"},{\"@type\":\"ListItem\",\"position\":2,\"name\":\"L\u00f6sung f\u00fcr die Organisationen der Herstellerverantwortung\"}]},{\"@type\":\"WebSite\",\"@id\":\"https:\/\/old.sensoneo.com\/#website\",\"url\":\"https:\/\/old.sensoneo.com\/\",\"name\":\"Sensoneo\",\"description\":\"Smart Waste Management Solution\",\"publisher\":{\"@id\":\"https:\/\/old.sensoneo.com\/#organization\"},\"potentialAction\":[{\"@type\":\"SearchAction\",\"target\":{\"@type\":\"EntryPoint\",\"urlTemplate\":\"https:\/\/old.sensoneo.com\/?s={search_term_string}\"},\"query-input\":{\"@type\":\"PropertyValueSpecification\",\"valueRequired\":true,\"valueName\":\"search_term_string\"}}],\"inLanguage\":\"de\"},{\"@type\":\"Organization\",\"@id\":\"https:\/\/old.sensoneo.com\/#organization\",\"name\":\"Sensoneo\",\"url\":\"https:\/\/old.sensoneo.com\/\",\"logo\":{\"@type\":\"ImageObject\",\"inLanguage\":\"de\",\"@id\":\"https:\/\/old.sensoneo.com\/#\/schema\/logo\/image\/\",\"url\":\"https:\/\/old.sensoneo.com\/wp-content\/uploads\/sensoneo\/primary@2x.png\",\"contentUrl\":\"https:\/\/old.sensoneo.com\/wp-content\/uploads\/sensoneo\/primary@2x.png\",\"width\":673,\"height\":221,\"caption\":\"Sensoneo\"},\"image\":{\"@id\":\"https:\/\/old.sensoneo.com\/#\/schema\/logo\/image\/\"},\"sameAs\":[\"https:\/\/www.facebook.com\/sensoneo\/\",\"https:\/\/x.com\/_Sensoneo_\",\"https:\/\/www.linkedin.com\/company\/18065466\/\",\"https:\/\/www.youtube.com\/channel\/UCB_FW-68RcBNVncjH1ahqMQ\"]}]}<\/script>\n<!-- \/ Yoast SEO plugin. -->","yoast_head_json":{"title":"Abfallmanagement f\u00fcr die Organisation der Herstellerverantwortung","description":"Entdecken Sie eine umfassende L\u00f6sung f\u00fcr die integrierte Verwaltung von Organisationen mit Herstellerverantwortung.","robots":{"index":"noindex","follow":"follow","max-snippet":"max-snippet:-1","max-image-preview":"max-image-preview:large","max-video-preview":"max-video-preview:-1"},"og_locale":"de_DE","og_type":"article","og_title":"Abfallmanagement f\u00fcr die Organisation der Herstellerverantwortung","og_description":"Entdecken Sie eine umfassende L\u00f6sung f\u00fcr die integrierte Verwaltung von Organisationen mit Herstellerverantwortung.","og_url":"https:\/\/sensoneo.com\/de\/abfallmanagement-herstellerverantwortung\/","og_site_name":"Sensoneo","article_publisher":"https:\/\/www.facebook.com\/sensoneo\/","article_modified_time":"2023-03-13T09:55:52+00:00","og_image":[{"width":1024,"height":598,"url":"https:\/\/sensoneo.com\/wp-content\/uploads\/2022\/10\/EPR-and-PRO-organizations-waste-management-1024x598.png","type":"image\/png"}],"twitter_card":"summary_large_image","twitter_site":"@_Sensoneo_","schema":{"@context":"https:\/\/schema.org","@graph":[{"@type":"WebPage","@id":"https:\/\/sensoneo.com\/de\/abfallmanagement-herstellerverantwortung\/","url":"https:\/\/sensoneo.com\/de\/abfallmanagement-herstellerverantwortung\/","name":"Abfallmanagement f\u00fcr die Organisation der Herstellerverantwortung","isPartOf":{"@id":"https:\/\/old.sensoneo.com\/#website"},"primaryImageOfPage":{"@id":"https:\/\/sensoneo.com\/de\/abfallmanagement-herstellerverantwortung\/#primaryimage"},"image":{"@id":"https:\/\/sensoneo.com\/de\/abfallmanagement-herstellerverantwortung\/#primaryimage"},"thumbnailUrl":"https:\/\/old.sensoneo.com\/wp-content\/uploads\/2022\/10\/EPR-and-PRO-organizations-waste-management.png","datePublished":"2022-02-10T13:48:08+00:00","dateModified":"2023-03-13T09:55:52+00:00","description":"Entdecken Sie eine umfassende L\u00f6sung f\u00fcr die integrierte Verwaltung von Organisationen mit Herstellerverantwortung.","breadcrumb":{"@id":"https:\/\/sensoneo.com\/de\/abfallmanagement-herstellerverantwortung\/#breadcrumb"},"inLanguage":"de","potentialAction":[{"@type":"ReadAction","target":["https:\/\/sensoneo.com\/de\/abfallmanagement-herstellerverantwortung\/"]}]},{"@type":"ImageObject","inLanguage":"de","@id":"https:\/\/sensoneo.com\/de\/abfallmanagement-herstellerverantwortung\/#primaryimage","url":"https:\/\/old.sensoneo.com\/wp-content\/uploads\/2022\/10\/EPR-and-PRO-organizations-waste-management.png","contentUrl":"https:\/\/old.sensoneo.com\/wp-content\/uploads\/2022\/10\/EPR-and-PRO-organizations-waste-management.png","width":2164,"height":1264,"caption":"Abfallmanagement f\u00fcr EPR & PRO herstellerverantwortung organisationen"},{"@type":"BreadcrumbList","@id":"https:\/\/sensoneo.com\/de\/abfallmanagement-herstellerverantwortung\/#breadcrumb","itemListElement":[{"@type":"ListItem","position":1,"name":"Home","item":"https:\/\/sensoneo.com\/de\/"},{"@type":"ListItem","position":2,"name":"L\u00f6sung f\u00fcr die Organisationen der Herstellerverantwortung"}]},{"@type":"WebSite","@id":"https:\/\/old.sensoneo.com\/#website","url":"https:\/\/old.sensoneo.com\/","name":"Sensoneo","description":"Smart Waste Management Solution","publisher":{"@id":"https:\/\/old.sensoneo.com\/#organization"},"potentialAction":[{"@type":"SearchAction","target":{"@type":"EntryPoint","urlTemplate":"https:\/\/old.sensoneo.com\/?s={search_term_string}"},"query-input":{"@type":"PropertyValueSpecification","valueRequired":true,"valueName":"search_term_string"}}],"inLanguage":"de"},{"@type":"Organization","@id":"https:\/\/old.sensoneo.com\/#organization","name":"Sensoneo","url":"https:\/\/old.sensoneo.com\/","logo":{"@type":"ImageObject","inLanguage":"de","@id":"https:\/\/old.sensoneo.com\/#\/schema\/logo\/image\/","url":"https:\/\/old.sensoneo.com\/wp-content\/uploads\/sensoneo\/primary@2x.png","contentUrl":"https:\/\/old.sensoneo.com\/wp-content\/uploads\/sensoneo\/primary@2x.png","width":673,"height":221,"caption":"Sensoneo"},"image":{"@id":"https:\/\/old.sensoneo.com\/#\/schema\/logo\/image\/"},"sameAs":["https:\/\/www.facebook.com\/sensoneo\/","https:\/\/x.com\/_Sensoneo_","https:\/\/www.linkedin.com\/company\/18065466\/","https:\/\/www.youtube.com\/channel\/UCB_FW-68RcBNVncjH1ahqMQ"]}]}},"_links":{"self":[{"href":"https:\/\/old.sensoneo.com\/de\/wp-json\/wp\/v2\/pages\/10345","targetHints":{"allow":["GET"]}}],"collection":[{"href":"https:\/\/old.sensoneo.com\/de\/wp-json\/wp\/v2\/pages"}],"about":[{"href":"https:\/\/old.sensoneo.com\/de\/wp-json\/wp\/v2\/types\/page"}],"author":[{"embeddable":true,"href":"https:\/\/old.sensoneo.com\/de\/wp-json\/wp\/v2\/users\/6"}],"replies":[{"embeddable":true,"href":"https:\/\/old.sensoneo.com\/de\/wp-json\/wp\/v2\/comments?post=10345"}],"version-history":[{"count":11,"href":"https:\/\/old.sensoneo.com\/de\/wp-json\/wp\/v2\/pages\/10345\/revisions"}],"predecessor-version":[{"id":11795,"href":"https:\/\/old.sensoneo.com\/de\/wp-json\/wp\/v2\/pages\/10345\/revisions\/11795"}],"wp:featuredmedia":[{"embeddable":true,"href":"https:\/\/old.sensoneo.com\/de\/wp-json\/wp\/v2\/media\/10346"}],"wp:attachment":[{"href":"https:\/\/old.sensoneo.com\/de\/wp-json\/wp\/v2\/media?parent=10345"}],"curies":[{"name":"wp","href":"https:\/\/api.w.org\/{rel}","templated":true}]}}