{"id":2600,"date":"2018-03-14T07:46:36","date_gmt":"2018-03-14T05:46:36","guid":{"rendered":"http:\/\/sensoneo.com\/smart-waste-management-for-cities\/"},"modified":"2023-07-28T13:53:50","modified_gmt":"2023-07-28T11:53:50","slug":"intelligentes-abfallmanagement-fur-stadte","status":"publish","type":"page","link":"https:\/\/old.sensoneo.com\/de\/intelligentes-abfallmanagement-fur-stadte\/","title":{"rendered":"F\u00fcr St\u00e4dte"},"content":{"rendered":"","protected":false},"excerpt":{"rendered":"","protected":false},"author":6,"featured_media":10683,"parent":0,"menu_order":0,"comment_status":"closed","ping_status":"closed","template":"template-pages\/page-hero.php","meta":{"_acf_changed":false,"footnotes":""},"class_list":["post-2600","page","type-page","status-publish","has-post-thumbnail","hentry"],"acf":[],"yoast_head":"<!-- This site is optimized with the Yoast SEO plugin v25.9 - https:\/\/yoast.com\/wordpress\/plugins\/seo\/ -->\n<title>Intelligentes Abfallmanagement f\u00fcr St\u00e4dte | SENSONEO<\/title>\n<meta name=\"description\" content=\"SENSONEO intelligente Abfallentsorgungsl\u00f6sungen f\u00fcr die Stadtverwaltung unterst\u00fctzen St\u00e4dte bei Bek\u00e4mpfung der wachsenden Menge an Abfall.\" \/>\n<meta name=\"robots\" content=\"noindex, follow, max-snippet:-1, max-image-preview:large, max-video-preview:-1\" \/>\n<meta property=\"og:locale\" content=\"de_DE\" \/>\n<meta property=\"og:type\" content=\"article\" \/>\n<meta property=\"og:title\" content=\"Intelligentes Abfallmanagement f\u00fcr St\u00e4dte | SENSONEO\" \/>\n<meta property=\"og:description\" content=\"SENSONEO intelligente Abfallentsorgungsl\u00f6sungen f\u00fcr die Stadtverwaltung unterst\u00fctzen St\u00e4dte bei Bek\u00e4mpfung der wachsenden Menge an Abfall.\" \/>\n<meta property=\"og:url\" content=\"https:\/\/sensoneo.com\/de\/intelligentes-abfallmanagement-fur-stadte\/\" \/>\n<meta property=\"og:site_name\" content=\"Sensoneo\" \/>\n<meta property=\"article:publisher\" content=\"https:\/\/www.facebook.com\/sensoneo\/\" \/>\n<meta property=\"article:modified_time\" content=\"2023-07-28T11:53:50+00:00\" \/>\n<meta property=\"og:image\" content=\"https:\/\/sensoneo.com\/wp-content\/uploads\/2022\/11\/2-2-1.png\" \/>\n\t<meta property=\"og:image:width\" content=\"1080\" \/>\n\t<meta property=\"og:image:height\" content=\"1080\" \/>\n\t<meta property=\"og:image:type\" content=\"image\/png\" \/>\n<meta name=\"twitter:card\" content=\"summary_large_image\" \/>\n<meta name=\"twitter:site\" content=\"@_Sensoneo_\" \/>\n<script type=\"application\/ld+json\" class=\"yoast-schema-graph\">{\"@context\":\"https:\/\/schema.org\",\"@graph\":[{\"@type\":\"WebPage\",\"@id\":\"https:\/\/sensoneo.com\/de\/intelligentes-abfallmanagement-fur-stadte\/\",\"url\":\"https:\/\/sensoneo.com\/de\/intelligentes-abfallmanagement-fur-stadte\/\",\"name\":\"Intelligentes Abfallmanagement f\u00fcr St\u00e4dte | SENSONEO\",\"isPartOf\":{\"@id\":\"https:\/\/old.sensoneo.com\/#website\"},\"primaryImageOfPage\":{\"@id\":\"https:\/\/sensoneo.com\/de\/intelligentes-abfallmanagement-fur-stadte\/#primaryimage\"},\"image\":{\"@id\":\"https:\/\/sensoneo.com\/de\/intelligentes-abfallmanagement-fur-stadte\/#primaryimage\"},\"thumbnailUrl\":\"https:\/\/old.sensoneo.com\/wp-content\/uploads\/2022\/11\/2-2-1.png\",\"datePublished\":\"2018-03-14T05:46:36+00:00\",\"dateModified\":\"2023-07-28T11:53:50+00:00\",\"description\":\"SENSONEO intelligente Abfallentsorgungsl\u00f6sungen f\u00fcr die Stadtverwaltung unterst\u00fctzen St\u00e4dte bei Bek\u00e4mpfung der wachsenden Menge an Abfall.\",\"breadcrumb\":{\"@id\":\"https:\/\/sensoneo.com\/de\/intelligentes-abfallmanagement-fur-stadte\/#breadcrumb\"},\"inLanguage\":\"de\",\"potentialAction\":[{\"@type\":\"ReadAction\",\"target\":[\"https:\/\/sensoneo.com\/de\/intelligentes-abfallmanagement-fur-stadte\/\"]}]},{\"@type\":\"ImageObject\",\"inLanguage\":\"de\",\"@id\":\"https:\/\/sensoneo.com\/de\/intelligentes-abfallmanagement-fur-stadte\/#primaryimage\",\"url\":\"https:\/\/old.sensoneo.com\/wp-content\/uploads\/2022\/11\/2-2-1.png\",\"contentUrl\":\"https:\/\/old.sensoneo.com\/wp-content\/uploads\/2022\/11\/2-2-1.png\",\"width\":1080,\"height\":1080,\"caption\":\"abfallwirtschaft abfallmanagement st\u00e4dte\"},{\"@type\":\"BreadcrumbList\",\"@id\":\"https:\/\/sensoneo.com\/de\/intelligentes-abfallmanagement-fur-stadte\/#breadcrumb\",\"itemListElement\":[{\"@type\":\"ListItem\",\"position\":1,\"name\":\"Home\",\"item\":\"https:\/\/sensoneo.com\/de\/\"},{\"@type\":\"ListItem\",\"position\":2,\"name\":\"F\u00fcr St\u00e4dte\"}]},{\"@type\":\"WebSite\",\"@id\":\"https:\/\/old.sensoneo.com\/#website\",\"url\":\"https:\/\/old.sensoneo.com\/\",\"name\":\"Sensoneo\",\"description\":\"Smart Waste Management Solution\",\"publisher\":{\"@id\":\"https:\/\/old.sensoneo.com\/#organization\"},\"potentialAction\":[{\"@type\":\"SearchAction\",\"target\":{\"@type\":\"EntryPoint\",\"urlTemplate\":\"https:\/\/old.sensoneo.com\/?s={search_term_string}\"},\"query-input\":{\"@type\":\"PropertyValueSpecification\",\"valueRequired\":true,\"valueName\":\"search_term_string\"}}],\"inLanguage\":\"de\"},{\"@type\":\"Organization\",\"@id\":\"https:\/\/old.sensoneo.com\/#organization\",\"name\":\"Sensoneo\",\"url\":\"https:\/\/old.sensoneo.com\/\",\"logo\":{\"@type\":\"ImageObject\",\"inLanguage\":\"de\",\"@id\":\"https:\/\/old.sensoneo.com\/#\/schema\/logo\/image\/\",\"url\":\"https:\/\/old.sensoneo.com\/wp-content\/uploads\/sensoneo\/primary@2x.png\",\"contentUrl\":\"https:\/\/old.sensoneo.com\/wp-content\/uploads\/sensoneo\/primary@2x.png\",\"width\":673,\"height\":221,\"caption\":\"Sensoneo\"},\"image\":{\"@id\":\"https:\/\/old.sensoneo.com\/#\/schema\/logo\/image\/\"},\"sameAs\":[\"https:\/\/www.facebook.com\/sensoneo\/\",\"https:\/\/x.com\/_Sensoneo_\",\"https:\/\/www.linkedin.com\/company\/18065466\/\",\"https:\/\/www.youtube.com\/channel\/UCB_FW-68RcBNVncjH1ahqMQ\"]}]}<\/script>\n<!-- \/ Yoast SEO plugin. -->","yoast_head_json":{"title":"Intelligentes Abfallmanagement f\u00fcr St\u00e4dte | SENSONEO","description":"SENSONEO intelligente Abfallentsorgungsl\u00f6sungen f\u00fcr die Stadtverwaltung unterst\u00fctzen St\u00e4dte bei Bek\u00e4mpfung der wachsenden Menge an Abfall.","robots":{"index":"noindex","follow":"follow","max-snippet":"max-snippet:-1","max-image-preview":"max-image-preview:large","max-video-preview":"max-video-preview:-1"},"og_locale":"de_DE","og_type":"article","og_title":"Intelligentes Abfallmanagement f\u00fcr St\u00e4dte | SENSONEO","og_description":"SENSONEO intelligente Abfallentsorgungsl\u00f6sungen f\u00fcr die Stadtverwaltung unterst\u00fctzen St\u00e4dte bei Bek\u00e4mpfung der wachsenden Menge an Abfall.","og_url":"https:\/\/sensoneo.com\/de\/intelligentes-abfallmanagement-fur-stadte\/","og_site_name":"Sensoneo","article_publisher":"https:\/\/www.facebook.com\/sensoneo\/","article_modified_time":"2023-07-28T11:53:50+00:00","og_image":[{"width":1080,"height":1080,"url":"https:\/\/sensoneo.com\/wp-content\/uploads\/2022\/11\/2-2-1.png","type":"image\/png"}],"twitter_card":"summary_large_image","twitter_site":"@_Sensoneo_","schema":{"@context":"https:\/\/schema.org","@graph":[{"@type":"WebPage","@id":"https:\/\/sensoneo.com\/de\/intelligentes-abfallmanagement-fur-stadte\/","url":"https:\/\/sensoneo.com\/de\/intelligentes-abfallmanagement-fur-stadte\/","name":"Intelligentes Abfallmanagement f\u00fcr St\u00e4dte | SENSONEO","isPartOf":{"@id":"https:\/\/old.sensoneo.com\/#website"},"primaryImageOfPage":{"@id":"https:\/\/sensoneo.com\/de\/intelligentes-abfallmanagement-fur-stadte\/#primaryimage"},"image":{"@id":"https:\/\/sensoneo.com\/de\/intelligentes-abfallmanagement-fur-stadte\/#primaryimage"},"thumbnailUrl":"https:\/\/old.sensoneo.com\/wp-content\/uploads\/2022\/11\/2-2-1.png","datePublished":"2018-03-14T05:46:36+00:00","dateModified":"2023-07-28T11:53:50+00:00","description":"SENSONEO intelligente Abfallentsorgungsl\u00f6sungen f\u00fcr die Stadtverwaltung unterst\u00fctzen St\u00e4dte bei Bek\u00e4mpfung der wachsenden Menge an Abfall.","breadcrumb":{"@id":"https:\/\/sensoneo.com\/de\/intelligentes-abfallmanagement-fur-stadte\/#breadcrumb"},"inLanguage":"de","potentialAction":[{"@type":"ReadAction","target":["https:\/\/sensoneo.com\/de\/intelligentes-abfallmanagement-fur-stadte\/"]}]},{"@type":"ImageObject","inLanguage":"de","@id":"https:\/\/sensoneo.com\/de\/intelligentes-abfallmanagement-fur-stadte\/#primaryimage","url":"https:\/\/old.sensoneo.com\/wp-content\/uploads\/2022\/11\/2-2-1.png","contentUrl":"https:\/\/old.sensoneo.com\/wp-content\/uploads\/2022\/11\/2-2-1.png","width":1080,"height":1080,"caption":"abfallwirtschaft abfallmanagement st\u00e4dte"},{"@type":"BreadcrumbList","@id":"https:\/\/sensoneo.com\/de\/intelligentes-abfallmanagement-fur-stadte\/#breadcrumb","itemListElement":[{"@type":"ListItem","position":1,"name":"Home","item":"https:\/\/sensoneo.com\/de\/"},{"@type":"ListItem","position":2,"name":"F\u00fcr St\u00e4dte"}]},{"@type":"WebSite","@id":"https:\/\/old.sensoneo.com\/#website","url":"https:\/\/old.sensoneo.com\/","name":"Sensoneo","description":"Smart Waste Management Solution","publisher":{"@id":"https:\/\/old.sensoneo.com\/#organization"},"potentialAction":[{"@type":"SearchAction","target":{"@type":"EntryPoint","urlTemplate":"https:\/\/old.sensoneo.com\/?s={search_term_string}"},"query-input":{"@type":"PropertyValueSpecification","valueRequired":true,"valueName":"search_term_string"}}],"inLanguage":"de"},{"@type":"Organization","@id":"https:\/\/old.sensoneo.com\/#organization","name":"Sensoneo","url":"https:\/\/old.sensoneo.com\/","logo":{"@type":"ImageObject","inLanguage":"de","@id":"https:\/\/old.sensoneo.com\/#\/schema\/logo\/image\/","url":"https:\/\/old.sensoneo.com\/wp-content\/uploads\/sensoneo\/primary@2x.png","contentUrl":"https:\/\/old.sensoneo.com\/wp-content\/uploads\/sensoneo\/primary@2x.png","width":673,"height":221,"caption":"Sensoneo"},"image":{"@id":"https:\/\/old.sensoneo.com\/#\/schema\/logo\/image\/"},"sameAs":["https:\/\/www.facebook.com\/sensoneo\/","https:\/\/x.com\/_Sensoneo_","https:\/\/www.linkedin.com\/company\/18065466\/","https:\/\/www.youtube.com\/channel\/UCB_FW-68RcBNVncjH1ahqMQ"]}]}},"_links":{"self":[{"href":"https:\/\/old.sensoneo.com\/de\/wp-json\/wp\/v2\/pages\/2600","targetHints":{"allow":["GET"]}}],"collection":[{"href":"https:\/\/old.sensoneo.com\/de\/wp-json\/wp\/v2\/pages"}],"about":[{"href":"https:\/\/old.sensoneo.com\/de\/wp-json\/wp\/v2\/types\/page"}],"author":[{"embeddable":true,"href":"https:\/\/old.sensoneo.com\/de\/wp-json\/wp\/v2\/users\/6"}],"replies":[{"embeddable":true,"href":"https:\/\/old.sensoneo.com\/de\/wp-json\/wp\/v2\/comments?post=2600"}],"version-history":[{"count":40,"href":"https:\/\/old.sensoneo.com\/de\/wp-json\/wp\/v2\/pages\/2600\/revisions"}],"predecessor-version":[{"id":13233,"href":"https:\/\/old.sensoneo.com\/de\/wp-json\/wp\/v2\/pages\/2600\/revisions\/13233"}],"wp:featuredmedia":[{"embeddable":true,"href":"https:\/\/old.sensoneo.com\/de\/wp-json\/wp\/v2\/media\/10683"}],"wp:attachment":[{"href":"https:\/\/old.sensoneo.com\/de\/wp-json\/wp\/v2\/media?parent=2600"}],"curies":[{"name":"wp","href":"https:\/\/api.w.org\/{rel}","templated":true}]}}