{"id":2610,"date":"2018-06-05T09:37:51","date_gmt":"2018-06-05T09:37:51","guid":{"rendered":"http:\/\/sensoneo.com\/starterkit\/"},"modified":"2023-03-14T12:19:14","modified_gmt":"2023-03-14T10:19:14","slug":"starter-kit","status":"publish","type":"page","link":"https:\/\/old.sensoneo.com\/de\/starter-kit\/","title":{"rendered":"Starter-Kit"},"content":{"rendered":"","protected":false},"excerpt":{"rendered":"","protected":false},"author":6,"featured_media":7057,"parent":0,"menu_order":0,"comment_status":"closed","ping_status":"closed","template":"template-pages\/page-underline.php","meta":{"_acf_changed":false,"footnotes":""},"class_list":["post-2610","page","type-page","status-publish","has-post-thumbnail","hentry"],"acf":[],"yoast_head":"<!-- This site is optimized with the Yoast SEO plugin v25.9 - https:\/\/yoast.com\/wordpress\/plugins\/seo\/ -->\n<title>SENSONEO Starter-Kit I Jetzt Smart-Sensoren bestellen<\/title>\n<meta name=\"description\" content=\"Kaufen Sie Probe-Ultraschall-F\u00fcllstandssensoren f\u00fcr die Abfall\u00fcberwachung . Sehen Sie, wie die Sensoneo-L\u00f6sung funktioniert.\" \/>\n<meta name=\"robots\" content=\"noindex, follow, max-snippet:-1, max-image-preview:large, max-video-preview:-1\" \/>\n<meta property=\"og:locale\" content=\"de_DE\" \/>\n<meta property=\"og:type\" content=\"article\" \/>\n<meta property=\"og:title\" content=\"SENSONEO Starter-Kit I Jetzt Smart-Sensoren bestellen\" \/>\n<meta property=\"og:description\" content=\"Kaufen Sie Probe-Ultraschall-F\u00fcllstandssensoren f\u00fcr die Abfall\u00fcberwachung . Sehen Sie, wie die Sensoneo-L\u00f6sung funktioniert.\" \/>\n<meta property=\"og:url\" content=\"https:\/\/sensoneo.com\/de\/starter-kit\/\" \/>\n<meta property=\"og:site_name\" content=\"Sensoneo\" \/>\n<meta property=\"article:publisher\" content=\"https:\/\/www.facebook.com\/sensoneo\/\" \/>\n<meta property=\"article:modified_time\" content=\"2023-03-14T10:19:14+00:00\" \/>\n<meta property=\"og:image\" content=\"https:\/\/sensoneo.com\/wp-content\/uploads\/2022\/01\/producing-ultrasonic-bin-sensors-in-large-scale.png\" \/>\n\t<meta property=\"og:image:width\" content=\"1486\" \/>\n\t<meta property=\"og:image:height\" content=\"736\" \/>\n\t<meta property=\"og:image:type\" content=\"image\/png\" \/>\n<meta name=\"twitter:card\" content=\"summary_large_image\" \/>\n<meta name=\"twitter:site\" content=\"@_Sensoneo_\" \/>\n<script type=\"application\/ld+json\" class=\"yoast-schema-graph\">{\"@context\":\"https:\/\/schema.org\",\"@graph\":[{\"@type\":\"WebPage\",\"@id\":\"https:\/\/sensoneo.com\/de\/starter-kit\/\",\"url\":\"https:\/\/sensoneo.com\/de\/starter-kit\/\",\"name\":\"SENSONEO Starter-Kit I Jetzt Smart-Sensoren bestellen\",\"isPartOf\":{\"@id\":\"https:\/\/old.sensoneo.com\/#website\"},\"primaryImageOfPage\":{\"@id\":\"https:\/\/sensoneo.com\/de\/starter-kit\/#primaryimage\"},\"image\":{\"@id\":\"https:\/\/sensoneo.com\/de\/starter-kit\/#primaryimage\"},\"thumbnailUrl\":\"https:\/\/old.sensoneo.com\/wp-content\/uploads\/2022\/01\/producing-ultrasonic-bin-sensors-in-large-scale.png\",\"datePublished\":\"2018-06-05T09:37:51+00:00\",\"dateModified\":\"2023-03-14T10:19:14+00:00\",\"description\":\"Kaufen Sie Probe-Ultraschall-F\u00fcllstandssensoren f\u00fcr die Abfall\u00fcberwachung . Sehen Sie, wie die Sensoneo-L\u00f6sung funktioniert.\",\"breadcrumb\":{\"@id\":\"https:\/\/sensoneo.com\/de\/starter-kit\/#breadcrumb\"},\"inLanguage\":\"de\",\"potentialAction\":[{\"@type\":\"ReadAction\",\"target\":[\"https:\/\/sensoneo.com\/de\/starter-kit\/\"]}]},{\"@type\":\"ImageObject\",\"inLanguage\":\"de\",\"@id\":\"https:\/\/sensoneo.com\/de\/starter-kit\/#primaryimage\",\"url\":\"https:\/\/old.sensoneo.com\/wp-content\/uploads\/2022\/01\/producing-ultrasonic-bin-sensors-in-large-scale.png\",\"contentUrl\":\"https:\/\/old.sensoneo.com\/wp-content\/uploads\/2022\/01\/producing-ultrasonic-bin-sensors-in-large-scale.png\",\"width\":1486,\"height\":736,\"caption\":\"ultraschall sensoren sensoneo starter kit\"},{\"@type\":\"BreadcrumbList\",\"@id\":\"https:\/\/sensoneo.com\/de\/starter-kit\/#breadcrumb\",\"itemListElement\":[{\"@type\":\"ListItem\",\"position\":1,\"name\":\"Home\",\"item\":\"https:\/\/sensoneo.com\/de\/\"},{\"@type\":\"ListItem\",\"position\":2,\"name\":\"Starter-Kit\"}]},{\"@type\":\"WebSite\",\"@id\":\"https:\/\/old.sensoneo.com\/#website\",\"url\":\"https:\/\/old.sensoneo.com\/\",\"name\":\"Sensoneo\",\"description\":\"Smart Waste Management Solution\",\"publisher\":{\"@id\":\"https:\/\/old.sensoneo.com\/#organization\"},\"potentialAction\":[{\"@type\":\"SearchAction\",\"target\":{\"@type\":\"EntryPoint\",\"urlTemplate\":\"https:\/\/old.sensoneo.com\/?s={search_term_string}\"},\"query-input\":{\"@type\":\"PropertyValueSpecification\",\"valueRequired\":true,\"valueName\":\"search_term_string\"}}],\"inLanguage\":\"de\"},{\"@type\":\"Organization\",\"@id\":\"https:\/\/old.sensoneo.com\/#organization\",\"name\":\"Sensoneo\",\"url\":\"https:\/\/old.sensoneo.com\/\",\"logo\":{\"@type\":\"ImageObject\",\"inLanguage\":\"de\",\"@id\":\"https:\/\/old.sensoneo.com\/#\/schema\/logo\/image\/\",\"url\":\"https:\/\/old.sensoneo.com\/wp-content\/uploads\/sensoneo\/primary@2x.png\",\"contentUrl\":\"https:\/\/old.sensoneo.com\/wp-content\/uploads\/sensoneo\/primary@2x.png\",\"width\":673,\"height\":221,\"caption\":\"Sensoneo\"},\"image\":{\"@id\":\"https:\/\/old.sensoneo.com\/#\/schema\/logo\/image\/\"},\"sameAs\":[\"https:\/\/www.facebook.com\/sensoneo\/\",\"https:\/\/x.com\/_Sensoneo_\",\"https:\/\/www.linkedin.com\/company\/18065466\/\",\"https:\/\/www.youtube.com\/channel\/UCB_FW-68RcBNVncjH1ahqMQ\"]}]}<\/script>\n<!-- \/ Yoast SEO plugin. -->","yoast_head_json":{"title":"SENSONEO Starter-Kit I Jetzt Smart-Sensoren bestellen","description":"Kaufen Sie Probe-Ultraschall-F\u00fcllstandssensoren f\u00fcr die Abfall\u00fcberwachung . Sehen Sie, wie die Sensoneo-L\u00f6sung funktioniert.","robots":{"index":"noindex","follow":"follow","max-snippet":"max-snippet:-1","max-image-preview":"max-image-preview:large","max-video-preview":"max-video-preview:-1"},"og_locale":"de_DE","og_type":"article","og_title":"SENSONEO Starter-Kit I Jetzt Smart-Sensoren bestellen","og_description":"Kaufen Sie Probe-Ultraschall-F\u00fcllstandssensoren f\u00fcr die Abfall\u00fcberwachung . Sehen Sie, wie die Sensoneo-L\u00f6sung funktioniert.","og_url":"https:\/\/sensoneo.com\/de\/starter-kit\/","og_site_name":"Sensoneo","article_publisher":"https:\/\/www.facebook.com\/sensoneo\/","article_modified_time":"2023-03-14T10:19:14+00:00","og_image":[{"width":1486,"height":736,"url":"https:\/\/sensoneo.com\/wp-content\/uploads\/2022\/01\/producing-ultrasonic-bin-sensors-in-large-scale.png","type":"image\/png"}],"twitter_card":"summary_large_image","twitter_site":"@_Sensoneo_","schema":{"@context":"https:\/\/schema.org","@graph":[{"@type":"WebPage","@id":"https:\/\/sensoneo.com\/de\/starter-kit\/","url":"https:\/\/sensoneo.com\/de\/starter-kit\/","name":"SENSONEO Starter-Kit I Jetzt Smart-Sensoren bestellen","isPartOf":{"@id":"https:\/\/old.sensoneo.com\/#website"},"primaryImageOfPage":{"@id":"https:\/\/sensoneo.com\/de\/starter-kit\/#primaryimage"},"image":{"@id":"https:\/\/sensoneo.com\/de\/starter-kit\/#primaryimage"},"thumbnailUrl":"https:\/\/old.sensoneo.com\/wp-content\/uploads\/2022\/01\/producing-ultrasonic-bin-sensors-in-large-scale.png","datePublished":"2018-06-05T09:37:51+00:00","dateModified":"2023-03-14T10:19:14+00:00","description":"Kaufen Sie Probe-Ultraschall-F\u00fcllstandssensoren f\u00fcr die Abfall\u00fcberwachung . Sehen Sie, wie die Sensoneo-L\u00f6sung funktioniert.","breadcrumb":{"@id":"https:\/\/sensoneo.com\/de\/starter-kit\/#breadcrumb"},"inLanguage":"de","potentialAction":[{"@type":"ReadAction","target":["https:\/\/sensoneo.com\/de\/starter-kit\/"]}]},{"@type":"ImageObject","inLanguage":"de","@id":"https:\/\/sensoneo.com\/de\/starter-kit\/#primaryimage","url":"https:\/\/old.sensoneo.com\/wp-content\/uploads\/2022\/01\/producing-ultrasonic-bin-sensors-in-large-scale.png","contentUrl":"https:\/\/old.sensoneo.com\/wp-content\/uploads\/2022\/01\/producing-ultrasonic-bin-sensors-in-large-scale.png","width":1486,"height":736,"caption":"ultraschall sensoren sensoneo starter kit"},{"@type":"BreadcrumbList","@id":"https:\/\/sensoneo.com\/de\/starter-kit\/#breadcrumb","itemListElement":[{"@type":"ListItem","position":1,"name":"Home","item":"https:\/\/sensoneo.com\/de\/"},{"@type":"ListItem","position":2,"name":"Starter-Kit"}]},{"@type":"WebSite","@id":"https:\/\/old.sensoneo.com\/#website","url":"https:\/\/old.sensoneo.com\/","name":"Sensoneo","description":"Smart Waste Management Solution","publisher":{"@id":"https:\/\/old.sensoneo.com\/#organization"},"potentialAction":[{"@type":"SearchAction","target":{"@type":"EntryPoint","urlTemplate":"https:\/\/old.sensoneo.com\/?s={search_term_string}"},"query-input":{"@type":"PropertyValueSpecification","valueRequired":true,"valueName":"search_term_string"}}],"inLanguage":"de"},{"@type":"Organization","@id":"https:\/\/old.sensoneo.com\/#organization","name":"Sensoneo","url":"https:\/\/old.sensoneo.com\/","logo":{"@type":"ImageObject","inLanguage":"de","@id":"https:\/\/old.sensoneo.com\/#\/schema\/logo\/image\/","url":"https:\/\/old.sensoneo.com\/wp-content\/uploads\/sensoneo\/primary@2x.png","contentUrl":"https:\/\/old.sensoneo.com\/wp-content\/uploads\/sensoneo\/primary@2x.png","width":673,"height":221,"caption":"Sensoneo"},"image":{"@id":"https:\/\/old.sensoneo.com\/#\/schema\/logo\/image\/"},"sameAs":["https:\/\/www.facebook.com\/sensoneo\/","https:\/\/x.com\/_Sensoneo_","https:\/\/www.linkedin.com\/company\/18065466\/","https:\/\/www.youtube.com\/channel\/UCB_FW-68RcBNVncjH1ahqMQ"]}]}},"_links":{"self":[{"href":"https:\/\/old.sensoneo.com\/de\/wp-json\/wp\/v2\/pages\/2610","targetHints":{"allow":["GET"]}}],"collection":[{"href":"https:\/\/old.sensoneo.com\/de\/wp-json\/wp\/v2\/pages"}],"about":[{"href":"https:\/\/old.sensoneo.com\/de\/wp-json\/wp\/v2\/types\/page"}],"author":[{"embeddable":true,"href":"https:\/\/old.sensoneo.com\/de\/wp-json\/wp\/v2\/users\/6"}],"replies":[{"embeddable":true,"href":"https:\/\/old.sensoneo.com\/de\/wp-json\/wp\/v2\/comments?post=2610"}],"version-history":[{"count":25,"href":"https:\/\/old.sensoneo.com\/de\/wp-json\/wp\/v2\/pages\/2610\/revisions"}],"predecessor-version":[{"id":11861,"href":"https:\/\/old.sensoneo.com\/de\/wp-json\/wp\/v2\/pages\/2610\/revisions\/11861"}],"wp:featuredmedia":[{"embeddable":true,"href":"https:\/\/old.sensoneo.com\/de\/wp-json\/wp\/v2\/media\/7057"}],"wp:attachment":[{"href":"https:\/\/old.sensoneo.com\/de\/wp-json\/wp\/v2\/media?parent=2610"}],"curies":[{"name":"wp","href":"https:\/\/api.w.org\/{rel}","templated":true}]}}