{"id":3575,"date":"2019-09-05T14:28:49","date_gmt":"2019-09-05T12:28:49","guid":{"rendered":"http:\/\/sensoneo.com\/sensonseo-global-waste-index-2019\/"},"modified":"2023-03-14T12:30:23","modified_gmt":"2023-03-14T10:30:23","slug":"sensoneo-welt-abfall-index-2019","status":"publish","type":"page","link":"https:\/\/old.sensoneo.com\/de\/sensoneo-welt-abfall-index-2019\/","title":{"rendered":"Welt Abfall Index 2019"},"content":{"rendered":"","protected":false},"excerpt":{"rendered":"","protected":false},"author":6,"featured_media":11864,"parent":0,"menu_order":0,"comment_status":"closed","ping_status":"closed","template":"template-pages\/page-underline.php","meta":{"_acf_changed":false,"footnotes":""},"class_list":["post-3575","page","type-page","status-publish","has-post-thumbnail","hentry"],"acf":[],"yoast_head":"<!-- This site is optimized with the Yoast SEO plugin v25.9 - https:\/\/yoast.com\/wordpress\/plugins\/seo\/ -->\n<title>Die gr\u00f6\u00dften M\u00fcllproduzenten | Welt Abfall Index 2019<\/title>\n<meta name=\"description\" content=\"Beim Welt Abfall Index handelt es sich um eine vergleichende Analyse der Abfallwirtschaft in den 36 Mitgliedsstaaten der OECD.\" \/>\n<meta name=\"robots\" content=\"noindex, follow, max-snippet:-1, max-image-preview:large, max-video-preview:-1\" \/>\n<meta property=\"og:locale\" content=\"de_DE\" \/>\n<meta property=\"og:type\" content=\"article\" \/>\n<meta property=\"og:title\" content=\"Die gr\u00f6\u00dften M\u00fcllproduzenten | Welt Abfall Index 2019\" \/>\n<meta property=\"og:description\" content=\"Beim Welt Abfall Index handelt es sich um eine vergleichende Analyse der Abfallwirtschaft in den 36 Mitgliedsstaaten der OECD.\" \/>\n<meta property=\"og:url\" content=\"https:\/\/sensoneo.com\/de\/sensoneo-welt-abfall-index-2019\/\" \/>\n<meta property=\"og:site_name\" content=\"Sensoneo\" \/>\n<meta property=\"article:publisher\" content=\"https:\/\/www.facebook.com\/sensoneo\/\" \/>\n<meta property=\"article:modified_time\" content=\"2023-03-14T10:30:23+00:00\" \/>\n<meta property=\"og:image\" content=\"https:\/\/sensoneo.com\/wp-content\/uploads\/2023\/03\/global_waste_index_2019_photo-Nitra.png\" \/>\n\t<meta property=\"og:image:width\" content=\"503\" \/>\n\t<meta property=\"og:image:height\" content=\"307\" \/>\n\t<meta property=\"og:image:type\" content=\"image\/png\" \/>\n<meta name=\"twitter:card\" content=\"summary_large_image\" \/>\n<meta name=\"twitter:site\" content=\"@_Sensoneo_\" \/>\n<script type=\"application\/ld+json\" class=\"yoast-schema-graph\">{\"@context\":\"https:\/\/schema.org\",\"@graph\":[{\"@type\":\"WebPage\",\"@id\":\"https:\/\/sensoneo.com\/de\/sensoneo-welt-abfall-index-2019\/\",\"url\":\"https:\/\/sensoneo.com\/de\/sensoneo-welt-abfall-index-2019\/\",\"name\":\"Die gr\u00f6\u00dften M\u00fcllproduzenten | Welt Abfall Index 2019\",\"isPartOf\":{\"@id\":\"https:\/\/old.sensoneo.com\/#website\"},\"primaryImageOfPage\":{\"@id\":\"https:\/\/sensoneo.com\/de\/sensoneo-welt-abfall-index-2019\/#primaryimage\"},\"image\":{\"@id\":\"https:\/\/sensoneo.com\/de\/sensoneo-welt-abfall-index-2019\/#primaryimage\"},\"thumbnailUrl\":\"https:\/\/old.sensoneo.com\/wp-content\/uploads\/2023\/03\/global_waste_index_2019_photo-Nitra.png\",\"datePublished\":\"2019-09-05T12:28:49+00:00\",\"dateModified\":\"2023-03-14T10:30:23+00:00\",\"description\":\"Beim Welt Abfall Index handelt es sich um eine vergleichende Analyse der Abfallwirtschaft in den 36 Mitgliedsstaaten der OECD.\",\"breadcrumb\":{\"@id\":\"https:\/\/sensoneo.com\/de\/sensoneo-welt-abfall-index-2019\/#breadcrumb\"},\"inLanguage\":\"de\",\"potentialAction\":[{\"@type\":\"ReadAction\",\"target\":[\"https:\/\/sensoneo.com\/de\/sensoneo-welt-abfall-index-2019\/\"]}]},{\"@type\":\"ImageObject\",\"inLanguage\":\"de\",\"@id\":\"https:\/\/sensoneo.com\/de\/sensoneo-welt-abfall-index-2019\/#primaryimage\",\"url\":\"https:\/\/old.sensoneo.com\/wp-content\/uploads\/2023\/03\/global_waste_index_2019_photo-Nitra.png\",\"contentUrl\":\"https:\/\/old.sensoneo.com\/wp-content\/uploads\/2023\/03\/global_waste_index_2019_photo-Nitra.png\",\"width\":503,\"height\":307,\"caption\":\"Plastic products at junkyard.\"},{\"@type\":\"BreadcrumbList\",\"@id\":\"https:\/\/sensoneo.com\/de\/sensoneo-welt-abfall-index-2019\/#breadcrumb\",\"itemListElement\":[{\"@type\":\"ListItem\",\"position\":1,\"name\":\"Home\",\"item\":\"https:\/\/sensoneo.com\/de\/\"},{\"@type\":\"ListItem\",\"position\":2,\"name\":\"Welt Abfall Index 2019\"}]},{\"@type\":\"WebSite\",\"@id\":\"https:\/\/old.sensoneo.com\/#website\",\"url\":\"https:\/\/old.sensoneo.com\/\",\"name\":\"Sensoneo\",\"description\":\"Smart Waste Management Solution\",\"publisher\":{\"@id\":\"https:\/\/old.sensoneo.com\/#organization\"},\"potentialAction\":[{\"@type\":\"SearchAction\",\"target\":{\"@type\":\"EntryPoint\",\"urlTemplate\":\"https:\/\/old.sensoneo.com\/?s={search_term_string}\"},\"query-input\":{\"@type\":\"PropertyValueSpecification\",\"valueRequired\":true,\"valueName\":\"search_term_string\"}}],\"inLanguage\":\"de\"},{\"@type\":\"Organization\",\"@id\":\"https:\/\/old.sensoneo.com\/#organization\",\"name\":\"Sensoneo\",\"url\":\"https:\/\/old.sensoneo.com\/\",\"logo\":{\"@type\":\"ImageObject\",\"inLanguage\":\"de\",\"@id\":\"https:\/\/old.sensoneo.com\/#\/schema\/logo\/image\/\",\"url\":\"https:\/\/old.sensoneo.com\/wp-content\/uploads\/sensoneo\/primary@2x.png\",\"contentUrl\":\"https:\/\/old.sensoneo.com\/wp-content\/uploads\/sensoneo\/primary@2x.png\",\"width\":673,\"height\":221,\"caption\":\"Sensoneo\"},\"image\":{\"@id\":\"https:\/\/old.sensoneo.com\/#\/schema\/logo\/image\/\"},\"sameAs\":[\"https:\/\/www.facebook.com\/sensoneo\/\",\"https:\/\/x.com\/_Sensoneo_\",\"https:\/\/www.linkedin.com\/company\/18065466\/\",\"https:\/\/www.youtube.com\/channel\/UCB_FW-68RcBNVncjH1ahqMQ\"]}]}<\/script>\n<!-- \/ Yoast SEO plugin. -->","yoast_head_json":{"title":"Die gr\u00f6\u00dften M\u00fcllproduzenten | Welt Abfall Index 2019","description":"Beim Welt Abfall Index handelt es sich um eine vergleichende Analyse der Abfallwirtschaft in den 36 Mitgliedsstaaten der OECD.","robots":{"index":"noindex","follow":"follow","max-snippet":"max-snippet:-1","max-image-preview":"max-image-preview:large","max-video-preview":"max-video-preview:-1"},"og_locale":"de_DE","og_type":"article","og_title":"Die gr\u00f6\u00dften M\u00fcllproduzenten | Welt Abfall Index 2019","og_description":"Beim Welt Abfall Index handelt es sich um eine vergleichende Analyse der Abfallwirtschaft in den 36 Mitgliedsstaaten der OECD.","og_url":"https:\/\/sensoneo.com\/de\/sensoneo-welt-abfall-index-2019\/","og_site_name":"Sensoneo","article_publisher":"https:\/\/www.facebook.com\/sensoneo\/","article_modified_time":"2023-03-14T10:30:23+00:00","og_image":[{"width":503,"height":307,"url":"https:\/\/sensoneo.com\/wp-content\/uploads\/2023\/03\/global_waste_index_2019_photo-Nitra.png","type":"image\/png"}],"twitter_card":"summary_large_image","twitter_site":"@_Sensoneo_","schema":{"@context":"https:\/\/schema.org","@graph":[{"@type":"WebPage","@id":"https:\/\/sensoneo.com\/de\/sensoneo-welt-abfall-index-2019\/","url":"https:\/\/sensoneo.com\/de\/sensoneo-welt-abfall-index-2019\/","name":"Die gr\u00f6\u00dften M\u00fcllproduzenten | Welt Abfall Index 2019","isPartOf":{"@id":"https:\/\/old.sensoneo.com\/#website"},"primaryImageOfPage":{"@id":"https:\/\/sensoneo.com\/de\/sensoneo-welt-abfall-index-2019\/#primaryimage"},"image":{"@id":"https:\/\/sensoneo.com\/de\/sensoneo-welt-abfall-index-2019\/#primaryimage"},"thumbnailUrl":"https:\/\/old.sensoneo.com\/wp-content\/uploads\/2023\/03\/global_waste_index_2019_photo-Nitra.png","datePublished":"2019-09-05T12:28:49+00:00","dateModified":"2023-03-14T10:30:23+00:00","description":"Beim Welt Abfall Index handelt es sich um eine vergleichende Analyse der Abfallwirtschaft in den 36 Mitgliedsstaaten der OECD.","breadcrumb":{"@id":"https:\/\/sensoneo.com\/de\/sensoneo-welt-abfall-index-2019\/#breadcrumb"},"inLanguage":"de","potentialAction":[{"@type":"ReadAction","target":["https:\/\/sensoneo.com\/de\/sensoneo-welt-abfall-index-2019\/"]}]},{"@type":"ImageObject","inLanguage":"de","@id":"https:\/\/sensoneo.com\/de\/sensoneo-welt-abfall-index-2019\/#primaryimage","url":"https:\/\/old.sensoneo.com\/wp-content\/uploads\/2023\/03\/global_waste_index_2019_photo-Nitra.png","contentUrl":"https:\/\/old.sensoneo.com\/wp-content\/uploads\/2023\/03\/global_waste_index_2019_photo-Nitra.png","width":503,"height":307,"caption":"Plastic products at junkyard."},{"@type":"BreadcrumbList","@id":"https:\/\/sensoneo.com\/de\/sensoneo-welt-abfall-index-2019\/#breadcrumb","itemListElement":[{"@type":"ListItem","position":1,"name":"Home","item":"https:\/\/sensoneo.com\/de\/"},{"@type":"ListItem","position":2,"name":"Welt Abfall Index 2019"}]},{"@type":"WebSite","@id":"https:\/\/old.sensoneo.com\/#website","url":"https:\/\/old.sensoneo.com\/","name":"Sensoneo","description":"Smart Waste Management Solution","publisher":{"@id":"https:\/\/old.sensoneo.com\/#organization"},"potentialAction":[{"@type":"SearchAction","target":{"@type":"EntryPoint","urlTemplate":"https:\/\/old.sensoneo.com\/?s={search_term_string}"},"query-input":{"@type":"PropertyValueSpecification","valueRequired":true,"valueName":"search_term_string"}}],"inLanguage":"de"},{"@type":"Organization","@id":"https:\/\/old.sensoneo.com\/#organization","name":"Sensoneo","url":"https:\/\/old.sensoneo.com\/","logo":{"@type":"ImageObject","inLanguage":"de","@id":"https:\/\/old.sensoneo.com\/#\/schema\/logo\/image\/","url":"https:\/\/old.sensoneo.com\/wp-content\/uploads\/sensoneo\/primary@2x.png","contentUrl":"https:\/\/old.sensoneo.com\/wp-content\/uploads\/sensoneo\/primary@2x.png","width":673,"height":221,"caption":"Sensoneo"},"image":{"@id":"https:\/\/old.sensoneo.com\/#\/schema\/logo\/image\/"},"sameAs":["https:\/\/www.facebook.com\/sensoneo\/","https:\/\/x.com\/_Sensoneo_","https:\/\/www.linkedin.com\/company\/18065466\/","https:\/\/www.youtube.com\/channel\/UCB_FW-68RcBNVncjH1ahqMQ"]}]}},"_links":{"self":[{"href":"https:\/\/old.sensoneo.com\/de\/wp-json\/wp\/v2\/pages\/3575","targetHints":{"allow":["GET"]}}],"collection":[{"href":"https:\/\/old.sensoneo.com\/de\/wp-json\/wp\/v2\/pages"}],"about":[{"href":"https:\/\/old.sensoneo.com\/de\/wp-json\/wp\/v2\/types\/page"}],"author":[{"embeddable":true,"href":"https:\/\/old.sensoneo.com\/de\/wp-json\/wp\/v2\/users\/6"}],"replies":[{"embeddable":true,"href":"https:\/\/old.sensoneo.com\/de\/wp-json\/wp\/v2\/comments?post=3575"}],"version-history":[{"count":20,"href":"https:\/\/old.sensoneo.com\/de\/wp-json\/wp\/v2\/pages\/3575\/revisions"}],"predecessor-version":[{"id":11873,"href":"https:\/\/old.sensoneo.com\/de\/wp-json\/wp\/v2\/pages\/3575\/revisions\/11873"}],"wp:featuredmedia":[{"embeddable":true,"href":"https:\/\/old.sensoneo.com\/de\/wp-json\/wp\/v2\/media\/11864"}],"wp:attachment":[{"href":"https:\/\/old.sensoneo.com\/de\/wp-json\/wp\/v2\/media?parent=3575"}],"curies":[{"name":"wp","href":"https:\/\/api.w.org\/{rel}","templated":true}]}}