{"id":9344,"date":"2022-03-08T10:30:39","date_gmt":"2022-03-08T08:30:39","guid":{"rendered":"https:\/\/sensoneo.com\/waste-access-control\/"},"modified":"2024-02-07T16:52:33","modified_gmt":"2024-02-07T14:52:33","slug":"muelltonnen-zugangsverwaltung","status":"publish","type":"page","link":"https:\/\/old.sensoneo.com\/de\/muelltonnen-zugangsverwaltung\/","title":{"rendered":"M\u00fclltonnen Zugangsverwaltung"},"content":{"rendered":"","protected":false},"excerpt":{"rendered":"","protected":false},"author":6,"featured_media":10620,"parent":0,"menu_order":0,"comment_status":"closed","ping_status":"closed","template":"template-pages\/page-hero.php","meta":{"_acf_changed":false,"footnotes":""},"class_list":["post-9344","page","type-page","status-publish","has-post-thumbnail","hentry"],"acf":[],"yoast_head":"<!-- This site is optimized with the Yoast SEO plugin v25.9 - https:\/\/yoast.com\/wordpress\/plugins\/seo\/ -->\n<title>M\u00fclltonnen Zugangsverwaltung | SENSONEO<\/title>\n<meta name=\"description\" content=\"Die L\u00f6sung stellt sicher, dass nur befugte Personen Zugang zu den Beh\u00e4ltern haben. Es st\u00f6rt weder die Optik der M\u00fclltonnen, noch die Umgebung.\" \/>\n<meta name=\"robots\" content=\"noindex, follow, max-snippet:-1, max-image-preview:large, max-video-preview:-1\" \/>\n<meta property=\"og:locale\" content=\"de_DE\" \/>\n<meta property=\"og:type\" content=\"article\" \/>\n<meta property=\"og:title\" content=\"M\u00fclltonnen Zugangsverwaltung | SENSONEO\" \/>\n<meta property=\"og:description\" content=\"Die L\u00f6sung stellt sicher, dass nur befugte Personen Zugang zu den Beh\u00e4ltern haben. Es st\u00f6rt weder die Optik der M\u00fclltonnen, noch die Umgebung.\" \/>\n<meta property=\"og:url\" content=\"https:\/\/sensoneo.com\/de\/muelltonnen-zugangsverwaltung\/\" \/>\n<meta property=\"og:site_name\" content=\"Sensoneo\" \/>\n<meta property=\"article:publisher\" content=\"https:\/\/www.facebook.com\/sensoneo\/\" \/>\n<meta property=\"article:modified_time\" content=\"2024-02-07T14:52:33+00:00\" \/>\n<meta property=\"og:image\" content=\"https:\/\/sensoneo.com\/wp-content\/uploads\/2022\/11\/DSC03652-scaled.jpg\" \/>\n\t<meta property=\"og:image:width\" content=\"2560\" \/>\n\t<meta property=\"og:image:height\" content=\"1710\" \/>\n\t<meta property=\"og:image:type\" content=\"image\/jpeg\" \/>\n<meta name=\"twitter:card\" content=\"summary_large_image\" \/>\n<meta name=\"twitter:site\" content=\"@_Sensoneo_\" \/>\n<script type=\"application\/ld+json\" class=\"yoast-schema-graph\">{\"@context\":\"https:\/\/schema.org\",\"@graph\":[{\"@type\":\"WebPage\",\"@id\":\"https:\/\/sensoneo.com\/de\/muelltonnen-zugangsverwaltung\/\",\"url\":\"https:\/\/sensoneo.com\/de\/muelltonnen-zugangsverwaltung\/\",\"name\":\"M\u00fclltonnen Zugangsverwaltung | SENSONEO\",\"isPartOf\":{\"@id\":\"https:\/\/old.sensoneo.com\/#website\"},\"primaryImageOfPage\":{\"@id\":\"https:\/\/sensoneo.com\/de\/muelltonnen-zugangsverwaltung\/#primaryimage\"},\"image\":{\"@id\":\"https:\/\/sensoneo.com\/de\/muelltonnen-zugangsverwaltung\/#primaryimage\"},\"thumbnailUrl\":\"https:\/\/old.sensoneo.com\/wp-content\/uploads\/2022\/11\/DSC03652-scaled.jpg\",\"datePublished\":\"2022-03-08T08:30:39+00:00\",\"dateModified\":\"2024-02-07T14:52:33+00:00\",\"description\":\"Die L\u00f6sung stellt sicher, dass nur befugte Personen Zugang zu den Beh\u00e4ltern haben. Es st\u00f6rt weder die Optik der M\u00fclltonnen, noch die Umgebung.\",\"breadcrumb\":{\"@id\":\"https:\/\/sensoneo.com\/de\/muelltonnen-zugangsverwaltung\/#breadcrumb\"},\"inLanguage\":\"de\",\"potentialAction\":[{\"@type\":\"ReadAction\",\"target\":[\"https:\/\/sensoneo.com\/de\/muelltonnen-zugangsverwaltung\/\"]}]},{\"@type\":\"ImageObject\",\"inLanguage\":\"de\",\"@id\":\"https:\/\/sensoneo.com\/de\/muelltonnen-zugangsverwaltung\/#primaryimage\",\"url\":\"https:\/\/old.sensoneo.com\/wp-content\/uploads\/2022\/11\/DSC03652-scaled.jpg\",\"contentUrl\":\"https:\/\/old.sensoneo.com\/wp-content\/uploads\/2022\/11\/DSC03652-scaled.jpg\",\"width\":2560,\"height\":1710,\"caption\":\"m\u00fclltonnen zugangsverwaltung\"},{\"@type\":\"BreadcrumbList\",\"@id\":\"https:\/\/sensoneo.com\/de\/muelltonnen-zugangsverwaltung\/#breadcrumb\",\"itemListElement\":[{\"@type\":\"ListItem\",\"position\":1,\"name\":\"Home\",\"item\":\"https:\/\/sensoneo.com\/de\/\"},{\"@type\":\"ListItem\",\"position\":2,\"name\":\"M\u00fclltonnen Zugangsverwaltung\"}]},{\"@type\":\"WebSite\",\"@id\":\"https:\/\/old.sensoneo.com\/#website\",\"url\":\"https:\/\/old.sensoneo.com\/\",\"name\":\"Sensoneo\",\"description\":\"Smart Waste Management Solution\",\"publisher\":{\"@id\":\"https:\/\/old.sensoneo.com\/#organization\"},\"potentialAction\":[{\"@type\":\"SearchAction\",\"target\":{\"@type\":\"EntryPoint\",\"urlTemplate\":\"https:\/\/old.sensoneo.com\/?s={search_term_string}\"},\"query-input\":{\"@type\":\"PropertyValueSpecification\",\"valueRequired\":true,\"valueName\":\"search_term_string\"}}],\"inLanguage\":\"de\"},{\"@type\":\"Organization\",\"@id\":\"https:\/\/old.sensoneo.com\/#organization\",\"name\":\"Sensoneo\",\"url\":\"https:\/\/old.sensoneo.com\/\",\"logo\":{\"@type\":\"ImageObject\",\"inLanguage\":\"de\",\"@id\":\"https:\/\/old.sensoneo.com\/#\/schema\/logo\/image\/\",\"url\":\"https:\/\/old.sensoneo.com\/wp-content\/uploads\/sensoneo\/primary@2x.png\",\"contentUrl\":\"https:\/\/old.sensoneo.com\/wp-content\/uploads\/sensoneo\/primary@2x.png\",\"width\":673,\"height\":221,\"caption\":\"Sensoneo\"},\"image\":{\"@id\":\"https:\/\/old.sensoneo.com\/#\/schema\/logo\/image\/\"},\"sameAs\":[\"https:\/\/www.facebook.com\/sensoneo\/\",\"https:\/\/x.com\/_Sensoneo_\",\"https:\/\/www.linkedin.com\/company\/18065466\/\",\"https:\/\/www.youtube.com\/channel\/UCB_FW-68RcBNVncjH1ahqMQ\"]}]}<\/script>\n<!-- \/ Yoast SEO plugin. -->","yoast_head_json":{"title":"M\u00fclltonnen Zugangsverwaltung | SENSONEO","description":"Die L\u00f6sung stellt sicher, dass nur befugte Personen Zugang zu den Beh\u00e4ltern haben. Es st\u00f6rt weder die Optik der M\u00fclltonnen, noch die Umgebung.","robots":{"index":"noindex","follow":"follow","max-snippet":"max-snippet:-1","max-image-preview":"max-image-preview:large","max-video-preview":"max-video-preview:-1"},"og_locale":"de_DE","og_type":"article","og_title":"M\u00fclltonnen Zugangsverwaltung | SENSONEO","og_description":"Die L\u00f6sung stellt sicher, dass nur befugte Personen Zugang zu den Beh\u00e4ltern haben. Es st\u00f6rt weder die Optik der M\u00fclltonnen, noch die Umgebung.","og_url":"https:\/\/sensoneo.com\/de\/muelltonnen-zugangsverwaltung\/","og_site_name":"Sensoneo","article_publisher":"https:\/\/www.facebook.com\/sensoneo\/","article_modified_time":"2024-02-07T14:52:33+00:00","og_image":[{"width":2560,"height":1710,"url":"https:\/\/sensoneo.com\/wp-content\/uploads\/2022\/11\/DSC03652-scaled.jpg","type":"image\/jpeg"}],"twitter_card":"summary_large_image","twitter_site":"@_Sensoneo_","schema":{"@context":"https:\/\/schema.org","@graph":[{"@type":"WebPage","@id":"https:\/\/sensoneo.com\/de\/muelltonnen-zugangsverwaltung\/","url":"https:\/\/sensoneo.com\/de\/muelltonnen-zugangsverwaltung\/","name":"M\u00fclltonnen Zugangsverwaltung | SENSONEO","isPartOf":{"@id":"https:\/\/old.sensoneo.com\/#website"},"primaryImageOfPage":{"@id":"https:\/\/sensoneo.com\/de\/muelltonnen-zugangsverwaltung\/#primaryimage"},"image":{"@id":"https:\/\/sensoneo.com\/de\/muelltonnen-zugangsverwaltung\/#primaryimage"},"thumbnailUrl":"https:\/\/old.sensoneo.com\/wp-content\/uploads\/2022\/11\/DSC03652-scaled.jpg","datePublished":"2022-03-08T08:30:39+00:00","dateModified":"2024-02-07T14:52:33+00:00","description":"Die L\u00f6sung stellt sicher, dass nur befugte Personen Zugang zu den Beh\u00e4ltern haben. Es st\u00f6rt weder die Optik der M\u00fclltonnen, noch die Umgebung.","breadcrumb":{"@id":"https:\/\/sensoneo.com\/de\/muelltonnen-zugangsverwaltung\/#breadcrumb"},"inLanguage":"de","potentialAction":[{"@type":"ReadAction","target":["https:\/\/sensoneo.com\/de\/muelltonnen-zugangsverwaltung\/"]}]},{"@type":"ImageObject","inLanguage":"de","@id":"https:\/\/sensoneo.com\/de\/muelltonnen-zugangsverwaltung\/#primaryimage","url":"https:\/\/old.sensoneo.com\/wp-content\/uploads\/2022\/11\/DSC03652-scaled.jpg","contentUrl":"https:\/\/old.sensoneo.com\/wp-content\/uploads\/2022\/11\/DSC03652-scaled.jpg","width":2560,"height":1710,"caption":"m\u00fclltonnen zugangsverwaltung"},{"@type":"BreadcrumbList","@id":"https:\/\/sensoneo.com\/de\/muelltonnen-zugangsverwaltung\/#breadcrumb","itemListElement":[{"@type":"ListItem","position":1,"name":"Home","item":"https:\/\/sensoneo.com\/de\/"},{"@type":"ListItem","position":2,"name":"M\u00fclltonnen Zugangsverwaltung"}]},{"@type":"WebSite","@id":"https:\/\/old.sensoneo.com\/#website","url":"https:\/\/old.sensoneo.com\/","name":"Sensoneo","description":"Smart Waste Management Solution","publisher":{"@id":"https:\/\/old.sensoneo.com\/#organization"},"potentialAction":[{"@type":"SearchAction","target":{"@type":"EntryPoint","urlTemplate":"https:\/\/old.sensoneo.com\/?s={search_term_string}"},"query-input":{"@type":"PropertyValueSpecification","valueRequired":true,"valueName":"search_term_string"}}],"inLanguage":"de"},{"@type":"Organization","@id":"https:\/\/old.sensoneo.com\/#organization","name":"Sensoneo","url":"https:\/\/old.sensoneo.com\/","logo":{"@type":"ImageObject","inLanguage":"de","@id":"https:\/\/old.sensoneo.com\/#\/schema\/logo\/image\/","url":"https:\/\/old.sensoneo.com\/wp-content\/uploads\/sensoneo\/primary@2x.png","contentUrl":"https:\/\/old.sensoneo.com\/wp-content\/uploads\/sensoneo\/primary@2x.png","width":673,"height":221,"caption":"Sensoneo"},"image":{"@id":"https:\/\/old.sensoneo.com\/#\/schema\/logo\/image\/"},"sameAs":["https:\/\/www.facebook.com\/sensoneo\/","https:\/\/x.com\/_Sensoneo_","https:\/\/www.linkedin.com\/company\/18065466\/","https:\/\/www.youtube.com\/channel\/UCB_FW-68RcBNVncjH1ahqMQ"]}]}},"_links":{"self":[{"href":"https:\/\/old.sensoneo.com\/de\/wp-json\/wp\/v2\/pages\/9344","targetHints":{"allow":["GET"]}}],"collection":[{"href":"https:\/\/old.sensoneo.com\/de\/wp-json\/wp\/v2\/pages"}],"about":[{"href":"https:\/\/old.sensoneo.com\/de\/wp-json\/wp\/v2\/types\/page"}],"author":[{"embeddable":true,"href":"https:\/\/old.sensoneo.com\/de\/wp-json\/wp\/v2\/users\/6"}],"replies":[{"embeddable":true,"href":"https:\/\/old.sensoneo.com\/de\/wp-json\/wp\/v2\/comments?post=9344"}],"version-history":[{"count":14,"href":"https:\/\/old.sensoneo.com\/de\/wp-json\/wp\/v2\/pages\/9344\/revisions"}],"predecessor-version":[{"id":14222,"href":"https:\/\/old.sensoneo.com\/de\/wp-json\/wp\/v2\/pages\/9344\/revisions\/14222"}],"wp:featuredmedia":[{"embeddable":true,"href":"https:\/\/old.sensoneo.com\/de\/wp-json\/wp\/v2\/media\/10620"}],"wp:attachment":[{"href":"https:\/\/old.sensoneo.com\/de\/wp-json\/wp\/v2\/media?parent=9344"}],"curies":[{"name":"wp","href":"https:\/\/api.w.org\/{rel}","templated":true}]}}